{"id":5477,"date":"2020-09-09T09:06:52","date_gmt":"2020-09-09T09:06:52","guid":{"rendered":"https:\/\/klosterplatz.ch\/?page_id=5477"},"modified":"2025-07-14T12:06:12","modified_gmt":"2025-07-14T12:06:12","slug":"klosterplatz","status":"publish","type":"page","link":"https:\/\/klosterplatz.ch\/","title":{"rendered":"Klosterplatz"},"content":{"rendered":"<p>[et_pb_section fb_built=&#187;1&#8243; admin_label=&#187;Hauptbild Webcam Klosterplatz Sektion&#187; _builder_version=&#187;4.16&#8243; custom_margin=&#187;||||false|false&#187; custom_padding=&#187;|0px||0px|false|false&#187; global_colors_info=&#187;{}&#187;][et_pb_row admin_label=&#187;Spalte&#187; _builder_version=&#187;4.16&#8243; global_colors_info=&#187;{}&#187;][et_pb_column type=&#187;4_4&#8243; _builder_version=&#187;4.16&#8243; custom_padding=&#187;|||&#187; global_colors_info=&#187;{}&#187; custom_padding__hover=&#187;|||&#187;][et_pb_mhmm_menu background_overlay_color=&#187;rgba(255,255,255,0.8)&#187; disabled_on=&#187;off|off|off&#187; _builder_version=&#187;4.16&#8243; _module_preset=&#187;default&#187; text_font=&#187;Actor|700|||||||&#187; text_text_align=&#187;right&#187; text_font_size=&#187;25px&#187; global_colors_info=&#187;{}&#187;][\/et_pb_mhmm_menu][et_pb_text disabled_on=&#187;off|off|off&#187; admin_label=&#187;Titel Live-Cam vom Klosterplatz.&#187; module_class=&#187;dtb-typing&#187; _builder_version=&#187;4.16&#8243; _module_preset=&#187;c974b675-72ba-4782-a9f8-54409e1784ec&#187; custom_css_main_element=&#187;dtb-typing&#187; global_colors_info=&#187;{}&#187;]<\/p>\n<h2>Die Webcam<\/h2>\n<p>[\/et_pb_text][et_pb_image src=&#187;https:\/\/klosterplatz.ch\/wp-content\/uploads\/2024\/10\/Klosterplatz-5.10.24.jpg&#187; title_text=&#187;Klosterplatz 5.10.24&#8243; url=&#187;http:\/\/klosterplatz.selfip.info\/axis-cgi\/mjpg\/video.cgi&#187; force_fullwidth=&#187;on&#187; _builder_version=&#187;4.27.2&#8243; _module_preset=&#187;default&#187; global_colors_info=&#187;{}&#187;][\/et_pb_image][et_pb_text admin_label=&#187; http:\/\/klosterplatz.selfip.info\/axis-cgi\/mjpg\/video.cg&#187; _builder_version=&#187;4.27.4&#8243; _module_preset=&#187;default&#187; hover_enabled=&#187;0&#8243; global_colors_info=&#187;{}&#187; sticky_enabled=&#187;0&#8243;]<\/p>\n<p style=\"text-align: center;\">F\u00fcr den Livestream <a href=\"http:\/\/klosterplatz.selfip.info\/axis-cgi\/mjpg\/video.cgi\">klicken Sie hier<\/a><\/p>\n<p>[\/et_pb_text][et_pb_text admin_label=&#187;Titel Top Bilder vom Klosterplatz&#8230;&#187; module_id=&#187;top&#187; module_class=&#187;dtb-typing&#187; _builder_version=&#187;4.20.4&#8243; _module_preset=&#187;c974b675-72ba-4782-a9f8-54409e1784ec&#187; custom_css_main_element=&#187;dtb-typing&#187; global_colors_info=&#187;{}&#187;]<\/p>\n<h2><span>Die Top 5<\/span><\/h2>\n<p>[\/et_pb_text][et_pb_gallery gallery_ids=&#187;5793,5792,5791,5789,5788,5786&#8243; posts_number=&#187;10&#8243; show_title_and_caption=&#187;off&#187; show_pagination=&#187;off&#187; zoom_icon_color=&#187;#ffffff&#187; hover_overlay_color=&#187;rgba(0,0,0,0)&#187; _builder_version=&#187;4.16&#8243; _module_preset=&#187;default&#187; caption_font_size=&#187;25px&#187; db_images_per_row=&#187;5&#8243; db_image_max_width=&#187;100%&#187; db_image_row_spacing=&#187;0%&#187; dbdb_version=&#187;4.8.3&#8243; global_colors_info=&#187;{}&#187;][\/et_pb_gallery][et_pb_divider show_divider=&#187;off&#187; _builder_version=&#187;4.16&#8243; _module_preset=&#187;default&#187; global_colors_info=&#187;{}&#187;][\/et_pb_divider][et_pb_divider show_divider=&#187;off&#187; _builder_version=&#187;4.16&#8243; _module_preset=&#187;default&#187; global_colors_info=&#187;{}&#187;][\/et_pb_divider][et_pb_text admin_label=&#187;Titel: Haus zur Rose: der Keller&#187; module_id=&#187;hauszurrose&#187; module_class=&#187;dtb-typing&#187; _builder_version=&#187;4.16&#8243; _module_preset=&#187;c974b675-72ba-4782-a9f8-54409e1784ec&#187; custom_css_main_element=&#187;dtb-typing&#187; global_colors_info=&#187;{}&#187;]<\/p>\n<h2>Das Haus<\/h2>\n<p>[\/et_pb_text][et_pb_text _builder_version=&#187;4.16&#8243; _module_preset=&#187;default&#187; global_colors_info=&#187;{}&#187;]<\/p>\n<p><span>Das \u00abHaus zur Rose\u00bb unmittelbar am Klosterplatz in St.Gallen wurde im Mittelalter gebaut und Ende des 16. Jahrhunderts sowie um 1760 erweitert.<\/span><span> Das Haus beherbergt heute zwei L\u00e4den, Schulungsr\u00e4ume, B\u00fcro\/Atelier, Wohnungen und einen Kulturkeller.<\/span><\/p>\n<p>[\/et_pb_text][\/et_pb_column][\/et_pb_row][\/et_pb_section][et_pb_section fb_built=&#187;1&#8243; admin_label=&#187;Titelsektion&#187; _builder_version=&#187;4.27.0&#8243; background_enable_color=&#187;off&#187; custom_padding=&#187;||0px||false|false&#187; global_colors_info=&#187;{}&#187;][et_pb_row _builder_version=&#187;4.27.0&#8243; _module_preset=&#187;default&#187; global_colors_info=&#187;{}&#187;][et_pb_column type=&#187;4_4&#8243; _builder_version=&#187;4.27.0&#8243; _module_preset=&#187;default&#187; global_colors_info=&#187;{}&#187;][et_pb_text admin_label=&#187;Titel: der Keller der Rose&#187; module_id=&#187;kellerzurrose&#187; module_class=&#187;dtb-typing&#187; _builder_version=&#187;4.27.0&#8243; _module_preset=&#187;c974b675-72ba-4782-a9f8-54409e1784ec&#187; custom_css_main_element=&#187;dtb-typing&#187; global_colors_info=&#187;{}&#187;]<\/p>\n<h2>Der Keller<\/h2>\n<p>[\/et_pb_text][\/et_pb_column][\/et_pb_row][et_pb_row column_structure=&#187;2_5,3_5&#8243; admin_label=&#187;Titel Spalte&#187; _builder_version=&#187;4.16&#8243; min_height=&#187;34px&#187; custom_padding=&#187;0px|0px|27px|0px&#187; global_colors_info=&#187;{}&#187;][et_pb_column type=&#187;2_5&#8243; _builder_version=&#187;4.16&#8243; custom_padding=&#187;|||&#187; global_colors_info=&#187;{}&#187; custom_padding__hover=&#187;|||&#187;][et_pb_text admin_label=&#187;Vermietungspreis Text&#187; _builder_version=&#187;4.27.0&#8243; _module_preset=&#187;c974b675-72ba-4782-a9f8-54409e1784ec&#187; custom_margin=&#187;|-58px||||&#187; custom_padding=&#187;|13px|0px|||&#187; global_colors_info=&#187;{}&#187;]<\/p>\n<p>Der Keller der Rose ist ein doppelter Gew\u00f6lbekeller und rund 125 m\u00b2 gross. Er wurde \u00fcber Jahrzehnte als Weinkeller genutzt. Heute ist der hintere Keller mit einer B\u00fchne, einer Trib\u00fcne (f\u00fcr maximal 45 Personen)und Theaterbeleuchtung ausger\u00fcstet.<br \/>Im vorderen Keller gibt es eine Bar und Stehtische.<\/p>\n<p>Der Keller ist zurzeit fix an ein Theater vermietet und kann nicht anderweitig genutzt werden.<\/p>\n<p>&nbsp;<\/p>\n<p>[\/et_pb_text][\/et_pb_column][et_pb_column type=&#187;3_5&#8243; _builder_version=&#187;4.16&#8243; custom_padding=&#187;|||&#187; global_colors_info=&#187;{}&#187; custom_padding__hover=&#187;|||&#187;][et_pb_image src=&#187;https:\/\/klosterplatz.ch\/wp-content\/uploads\/2020\/09\/CaveLitterraire-19.jpg&#187; title_text=&#187;CaveLitt\u00e9rraire-19&#8243; force_fullwidth=&#187;on&#187; admin_label=&#187;Bild von Veranstaltung der Buchhandlung zur Rose&#187; _builder_version=&#187;4.16&#8243; _module_preset=&#187;default&#187; global_colors_info=&#187;{}&#187;][\/et_pb_image][\/et_pb_column][\/et_pb_row][et_pb_row admin_label=&#187;Titel Spalte&#187; _builder_version=&#187;4.16&#8243; custom_padding=&#187;0px|0px|27px|0px&#187; global_colors_info=&#187;{}&#187;][et_pb_column type=&#187;4_4&#8243; _builder_version=&#187;4.16&#8243; custom_padding=&#187;|||&#187; global_colors_info=&#187;{}&#187; custom_padding__hover=&#187;|||&#187;][et_pb_text _builder_version=&#187;4.19.4&#8243; _module_preset=&#187;c974b675-72ba-4782-a9f8-54409e1784ec&#187; global_colors_info=&#187;{}&#187;]<\/p>\n<p><span>Hier finden Sie:<\/span><a href=\"https:\/\/klosterplatz.ch\/wp-content\/uploads\/2020\/09\/plan_keller_1.jpg\"><\/a><\/p>\n<p><a href=\"https:\/\/klosterplatz.ch\/wp-content\/uploads\/2020\/09\/plan_keller_1.jpg\">Einen Plan des Kellers<\/a><\/p>\n<p>Auch als Kulisse f\u00fcr ein\u00a0<a href=\"https:\/\/www.youtube.com\/watch?v=tczBMF-mXPo\" title=\"Opens internal link in current window\" target=\"_blank\" class=\"external-link-new-window\" rel=\"noopener noreferrer\">Musik-Video <\/a>wurde der Keller der Rose schon vermietet, oder er diente als Location f\u00fcr ein\u00a0<a href=\"https:\/\/youtu.be\/e6Pd7vFnl4g\" title=\"Opens internal link in current window\" target=\"https:\/\/youtu.be\/e6Pd7vFnl4g\" class=\"external-link-new-window\" rel=\"noopener noreferrer\">Tanz-Video<\/a>.<\/p>\n<p>[\/et_pb_text][et_pb_divider show_divider=&#187;off&#187; _builder_version=&#187;4.16&#8243; _module_preset=&#187;default&#187; global_colors_info=&#187;{}&#187;][\/et_pb_divider][\/et_pb_column][\/et_pb_row][et_pb_row admin_label=&#187;Titel Spalte&#187; _builder_version=&#187;4.16&#8243; min_height=&#187;126px&#187; custom_padding=&#187;||||false|false&#187; global_colors_info=&#187;{}&#187;][et_pb_column type=&#187;4_4&#8243; _builder_version=&#187;4.16&#8243; custom_padding=&#187;|||&#187; global_colors_info=&#187;{}&#187; custom_padding__hover=&#187;|||&#187;][et_pb_gallery gallery_ids=&#187;5900,5714,5713,5899,5715,5665,5902,5864&#8243; posts_number=&#187;8&#8243; show_title_and_caption=&#187;off&#187; show_pagination=&#187;off&#187; zoom_icon_color=&#187;#ffffff&#187; hover_overlay_color=&#187;rgba(0,0,0,0)&#187; admin_label=&#187;Gallerie Bilder Keller zur Rose&#187; _builder_version=&#187;4.27.0&#8243; _module_preset=&#187;default&#187; title_font_size=&#187;22px&#187; caption_font_size=&#187;25px&#187; db_images_per_row=&#187;4&#8243; db_image_max_width=&#187;100%&#187; db_image_row_spacing=&#187;0%&#187; dbdb_version=&#187;4.8.3&#8243; global_colors_info=&#187;{}&#187;][\/et_pb_gallery][et_pb_divider show_divider=&#187;off&#187; _builder_version=&#187;4.16&#8243; _module_preset=&#187;default&#187; global_colors_info=&#187;{}&#187;][\/et_pb_divider][et_pb_text admin_label=&#187;Titel Wo liegt der Keller zur Rose&#187; module_id=&#187;standort&#187; module_class=&#187;dtb-typing&#187; _builder_version=&#187;4.16&#8243; _module_preset=&#187;default&#187; global_colors_info=&#187;{}&#187;]<\/p>\n<h2>Das Video<\/h2>\n<p>[\/et_pb_text][et_pb_video src=&#187;https:\/\/www.youtube.com\/watch?v=Qg34ICc3MSs&#187; _builder_version=&#187;4.16&#8243; _module_preset=&#187;default&#187; global_colors_info=&#187;{}&#187;][\/et_pb_video][\/et_pb_column][\/et_pb_row][\/et_pb_section][et_pb_section fb_built=&#187;1&#8243; admin_label=&#187;Sponsoring Sektion&#187; _builder_version=&#187;4.16&#8243; background_enable_color=&#187;off&#187; custom_padding=&#187;||0px||false|false&#187; collapsed=&#187;on&#187; global_colors_info=&#187;{}&#187;][et_pb_row column_structure=&#187;1_2,1_2&#8243; admin_label=&#187;Sponsoring&#187; _builder_version=&#187;4.16&#8243; custom_padding=&#187;15px|0px|0px|0px&#187; global_colors_info=&#187;{}&#187;][et_pb_column type=&#187;1_2&#8243; _builder_version=&#187;4.16&#8243; custom_padding=&#187;|||&#187; global_colors_info=&#187;{}&#187; custom_padding__hover=&#187;|||&#187;][et_pb_divider show_divider=&#187;off&#187; _builder_version=&#187;4.16&#8243; _module_preset=&#187;default&#187; global_colors_info=&#187;{}&#187;][\/et_pb_divider][et_pb_divider show_divider=&#187;off&#187; _builder_version=&#187;4.16&#8243; _module_preset=&#187;default&#187; global_colors_info=&#187;{}&#187;][\/et_pb_divider][et_pb_text admin_label=&#187;Sponsoring Info&#187; _builder_version=&#187;4.16&#8243; global_colors_info=&#187;{}&#187;]<\/p>\n<p>Diese Webseite wird unterst\u00fctzt von der <a href=\"https:\/\/medienschule-ost.ch\">Medienschule St.Gallen<\/a><\/p>\n<p>[\/et_pb_text][\/et_pb_column][et_pb_column type=&#187;1_2&#8243; _builder_version=&#187;4.16&#8243; custom_padding=&#187;|||&#187; global_colors_info=&#187;{}&#187; custom_padding__hover=&#187;|||&#187;][et_pb_image src=&#187;https:\/\/klosterplatz.ch\/wp-content\/uploads\/2020\/09\/ms_rect_bilden_journis.png&#187; title_text=&#187;ms_rect_bilden_journis&#187; url=&#187;https:\/\/medienschule-ost.ch&#187; align=&#187;center&#187; align_tablet=&#187;center&#187; align_phone=&#187;&#187; align_last_edited=&#187;on|desktop&#187; admin_label=&#187;Bild Medienschule&#187; _builder_version=&#187;4.16&#8243; global_colors_info=&#187;{}&#187;][\/et_pb_image][\/et_pb_column][\/et_pb_row][\/et_pb_section][et_pb_section fb_built=&#187;1&#8243; admin_label=&#187;Footer Sektion&#187; _builder_version=&#187;4.16&#8243; background_color=&#187;rgba(0,0,0,0.61)&#187; custom_padding=&#187;0px||4px||false|false&#187; saved_tabs=&#187;all&#187; collapsed=&#187;on&#187; global_colors_info=&#187;{}&#187;][et_pb_row column_structure=&#187;1_5,1_5,1_5,1_5,1_5&#8243; admin_label=&#187;Footer&#187; _builder_version=&#187;4.16&#8243; background_enable_color=&#187;off&#187; global_colors_info=&#187;{}&#187;][et_pb_column type=&#187;1_5&#8243; _builder_version=&#187;4.16&#8243; custom_padding=&#187;|||&#187; global_colors_info=&#187;{}&#187; custom_padding__hover=&#187;|||&#187;][et_pb_image src=&#187;https:\/\/klosterplatz.ch\/wp-content\/uploads\/2020\/09\/Logo-Felix_medienschuleoriginal.png&#187; title_text=&#187;Logo Felix_medienschuleoriginal&#187; url=&#187;https:\/\/medienschule-ost.ch&#187; align_tablet=&#187;center&#187; align_phone=&#187;&#187; align_last_edited=&#187;on|desktop&#187; admin_label=&#187;logo&#187; _builder_version=&#187;4.16&#8243; max_width=&#187;100%&#187; animation_style=&#187;slide&#187; animation_direction=&#187;left&#187; global_colors_info=&#187;{}&#187;][\/et_pb_image][\/et_pb_column][et_pb_column type=&#187;1_5&#8243; _builder_version=&#187;4.16&#8243; custom_padding=&#187;|||&#187; global_colors_info=&#187;{}&#187; custom_padding__hover=&#187;|||&#187;][et_pb_text admin_label=&#187;Adresse&#187; _builder_version=&#187;4.16&#8243; text_font=&#187;|600|||||||&#187; text_text_color=&#187;#ffffff&#187; text_font_size=&#187;18px&#187; text_line_height=&#187;1.4em&#187; link_font=&#187;Open Sans|600|||||||&#187; link_text_color=&#187;#ffffff&#187; link_line_height=&#187;2.5em&#187; header_font=&#187;Cutive Mono||||||||&#187; header_2_font=&#187;||||||||&#187; header_3_font=&#187;||||||||&#187; header_6_font=&#187;|500||on|||||&#187; header_6_text_color=&#187;rgba(255,255,255,0.4)&#187; header_6_letter_spacing=&#187;2px&#187; header_6_line_height=&#187;1.7em&#187; background_layout=&#187;dark&#187; module_alignment=&#187;center&#187; custom_margin=&#187;|||&#187; custom_margin_tablet=&#187;0px|||&#187; custom_margin_phone=&#187;|||&#187; custom_margin_last_edited=&#187;off|desktop&#187; text_line_height_last_edited=&#187;off|desktop&#187; global_colors_info=&#187;{}&#187;]<\/p>\n<h6>Besuchen Sie uns<\/h6>\n<p>Keller der Rose<br \/> Gallusstrasse 18<br \/> 9000 St.Gallen<\/p>\n<p>[\/et_pb_text][\/et_pb_column][et_pb_column type=&#187;1_5&#8243; _builder_version=&#187;4.16&#8243; custom_padding=&#187;|||&#187; global_colors_info=&#187;{}&#187; custom_padding__hover=&#187;|||&#187;][et_pb_text admin_label=&#187;kontaktangaben &#187; _builder_version=&#187;4.16&#8243; text_font=&#187;|600|||||||&#187; text_text_color=&#187;#ffffff&#187; text_font_size=&#187;18px&#187; text_line_height=&#187;1.4em&#187; link_font=&#187;|600|||on||||&#187; link_text_color=&#187;#ffffff&#187; link_font_size=&#187;18px&#187; link_line_height=&#187;1.4em&#187; header_font=&#187;Cutive Mono||||||||&#187; header_2_font=&#187;||||||||&#187; header_3_font=&#187;||||||||&#187; header_6_font=&#187;|500||on|||||&#187; header_6_text_color=&#187;rgba(255,255,255,0.4)&#187; header_6_letter_spacing=&#187;2px&#187; header_6_line_height=&#187;1.7em&#187; background_layout=&#187;dark&#187; module_alignment=&#187;center&#187; custom_margin=&#187;|||&#187; global_colors_info=&#187;{}&#187;]<\/p>\n<h6>Kontaktieren Sie uns<\/h6>\n<p>+41 71 222 90 20<br \/> <a href=\"mailto:medien@bluewin.ch\">E-Mail senden<\/a><\/p>\n<p>[\/et_pb_text][\/et_pb_column][et_pb_column type=&#187;1_5&#8243; _builder_version=&#187;4.16&#8243; custom_padding=&#187;|||&#187; global_colors_info=&#187;{}&#187; custom_padding__hover=&#187;|||&#187;][et_pb_text admin_label=&#187;Erreichbarkeit&#187; _builder_version=&#187;4.16&#8243; _module_preset=&#187;c974b675-72ba-4782-a9f8-54409e1784ec&#187; text_font=&#187;|600|||||||&#187; text_text_color=&#187;#ffffff&#187; text_font_size=&#187;18px&#187; text_line_height=&#187;1.4em&#187; link_font=&#187;Open Sans|600|||||||&#187; link_text_color=&#187;#ffffff&#187; link_line_height=&#187;2.5em&#187; header_font=&#187;Cutive Mono||||||||&#187; header_2_font=&#187;||||||||&#187; header_3_font=&#187;||||||||&#187; header_6_font=&#187;|500||on|||||&#187; header_6_text_color=&#187;rgba(255,255,255,0.4)&#187; header_6_letter_spacing=&#187;2px&#187; header_6_line_height=&#187;1.7em&#187; background_layout=&#187;dark&#187; module_alignment=&#187;center&#187; custom_margin=&#187;|||&#187; global_colors_info=&#187;{}&#187;]<\/p>\n<h6>Wir sind erreichbar<\/h6>\n<p>24\/7<\/p>\n<p>[\/et_pb_text][\/et_pb_column][et_pb_column type=&#187;1_5&#8243; _builder_version=&#187;4.16&#8243; custom_padding=&#187;|||&#187; global_colors_info=&#187;{}&#187; custom_padding__hover=&#187;|||&#187;][et_pb_text admin_label=&#187;kontaktangaben &#187; _builder_version=&#187;4.16&#8243; text_font=&#187;|600|||||||&#187; text_text_color=&#187;#ffffff&#187; text_font_size=&#187;18px&#187; text_line_height=&#187;1.4em&#187; link_font=&#187;|600|||on||||&#187; link_text_color=&#187;#ffffff&#187; link_font_size=&#187;18px&#187; link_line_height=&#187;1.4em&#187; header_font=&#187;Cutive Mono||||||||&#187; header_2_font=&#187;||||||||&#187; header_3_font=&#187;||||||||&#187; header_6_font=&#187;|500||on|||||&#187; header_6_text_color=&#187;rgba(255,255,255,0.4)&#187; header_6_letter_spacing=&#187;2px&#187; header_6_line_height=&#187;1.7em&#187; background_layout=&#187;dark&#187; module_alignment=&#187;center&#187; custom_margin=&#187;|||&#187; global_colors_info=&#187;{}&#187;]<\/p>\n<h6>Webdesign<\/h6>\n<p>&nbsp;<\/p>\n<p><a href=\"https:\/\/jacques-erlanger.ch\">Jacques Erlanger<\/a><\/p>\n<p>[\/et_pb_text][\/et_pb_column][\/et_pb_row][\/et_pb_section]<\/p>\n","protected":false},"excerpt":{"rendered":"<p>Die WebcamF\u00fcr den Livestream klicken Sie hierDie Top 5Das HausDas \u00abHaus zur Rose\u00bb unmittelbar am Klosterplatz in St.Gallen wurde im Mittelalter gebaut und Ende des 16. Jahrhunderts sowie um 1760 erweitert. Das Haus beherbergt heute zwei L\u00e4den, Schulungsr\u00e4ume, B\u00fcro\/Atelier, Wohnungen und einen Kulturkeller.Der KellerDer Keller der Rose ist ein doppelter Gew\u00f6lbekeller und rund 125 m\u00b2 [&hellip;]<\/p>\n","protected":false},"author":1,"featured_media":0,"parent":0,"menu_order":0,"comment_status":"closed","ping_status":"closed","template":"","meta":{"_et_pb_use_builder":"on","_et_pb_old_content":"","_et_gb_content_width":"","footnotes":""},"class_list":["post-5477","page","type-page","status-publish","hentry"],"_links":{"self":[{"href":"https:\/\/klosterplatz.ch\/index.php?rest_route=\/wp\/v2\/pages\/5477","targetHints":{"allow":["GET"]}}],"collection":[{"href":"https:\/\/klosterplatz.ch\/index.php?rest_route=\/wp\/v2\/pages"}],"about":[{"href":"https:\/\/klosterplatz.ch\/index.php?rest_route=\/wp\/v2\/types\/page"}],"author":[{"embeddable":true,"href":"https:\/\/klosterplatz.ch\/index.php?rest_route=\/wp\/v2\/users\/1"}],"replies":[{"embeddable":true,"href":"https:\/\/klosterplatz.ch\/index.php?rest_route=%2Fwp%2Fv2%2Fcomments&post=5477"}],"version-history":[{"count":563,"href":"https:\/\/klosterplatz.ch\/index.php?rest_route=\/wp\/v2\/pages\/5477\/revisions"}],"predecessor-version":[{"id":6829,"href":"https:\/\/klosterplatz.ch\/index.php?rest_route=\/wp\/v2\/pages\/5477\/revisions\/6829"}],"wp:attachment":[{"href":"https:\/\/klosterplatz.ch\/index.php?rest_route=%2Fwp%2Fv2%2Fmedia&parent=5477"}],"curies":[{"name":"wp","href":"https:\/\/api.w.org\/{rel}","templated":true}]}}